{"id":2,"date":"2023-11-14T23:15:20","date_gmt":"2023-11-14T20:15:20","guid":{"rendered":"http:\/\/hacimanaliziegitimi.com\/?page_id=2"},"modified":"2025-11-15T10:37:18","modified_gmt":"2025-11-15T07:37:18","slug":"ornek-sayfa","status":"publish","type":"page","link":"https:\/\/hacimanaliziegitimi.com\/","title":{"rendered":"Mumlar\u0131n \u0130\u00e7ini G\u00f6rerek B\u00fcy\u00fck Oyuncular\u0131n \u0130zini S\u00fcr\u00fcn ve Hacmi Avantaja \u00c7evirin"},"content":{"rendered":"\n<figure class=\"wp-block-image size-large wp-duotone-unset-1\"><img loading=\"lazy\" decoding=\"async\" width=\"1024\" height=\"827\" src=\"https:\/\/hacimanaliziegitimi.com\/wp-content\/uploads\/2025\/11\/2025-10-10_18-27-42-1024x827.png\" alt=\"\" class=\"wp-image-316\" srcset=\"https:\/\/hacimanaliziegitimi.com\/wp-content\/uploads\/2025\/11\/2025-10-10_18-27-42-1024x827.png 1024w, https:\/\/hacimanaliziegitimi.com\/wp-content\/uploads\/2025\/11\/2025-10-10_18-27-42-300x242.png 300w, https:\/\/hacimanaliziegitimi.com\/wp-content\/uploads\/2025\/11\/2025-10-10_18-27-42-768x620.png 768w, https:\/\/hacimanaliziegitimi.com\/wp-content\/uploads\/2025\/11\/2025-10-10_18-27-42.png 1449w\" sizes=\"auto, (max-width: 1024px) 100vw, 1024px\" \/><\/figure>\n\n\n\n<p class=\"has-text-align-center\">Hacim analizi, finansal piyasalarda her bir kat\u0131l\u0131mc\u0131n\u0131n faaliyetlerini g\u00f6r\u00fcn\u00fcr k\u0131larak bu verileri stratejik avantajlara d\u00f6n\u00fc\u015ft\u00fcrme f\u0131rsat\u0131 sunar. \u00d6zellikle b\u00fcy\u00fck yat\u0131r\u0131mc\u0131lar, piyasada dikkatle takip edilebilecek izler b\u0131rak\u0131r. Hepimizin arzusu, piyasa yap\u0131c\u0131larla ayn\u0131 y\u00f6nde hareket ederek onlar\u0131n stratejilerinden faydalanmak de\u011fil mi?<\/p>\n\n\n\n<p class=\"has-text-align-center has-large-font-size\"><\/p>\n\n\n\n<p class=\"has-text-align-center\">Unutmay\u0131n, bu bir \u201ch\u0131zl\u0131 zengin olma\u201d y\u00f6ntemi de\u011fildir. Ancak konuyu uzun vadeli bir stratejiyle ele al\u0131rsan\u0131z, hacim analizi son derece kazan\u00e7l\u0131 olabilir. Ba\u015flang\u0131\u00e7 noktam\u0131z, b\u00fcy\u00fck piyasa kat\u0131l\u0131mc\u0131lar\u0131n\u0131n b\u0131rakt\u0131\u011f\u0131 izleri takip etmektir.<\/p>\n\n\n\n<p class=\"has-text-align-center\">Bug\u00fcn\u00fcn geli\u015fmi\u015f teknolojileri sayesinde, finansal piyasalardaki hacmi g\u00f6rselle\u015ftirmek art\u0131k m\u00fcmk\u00fcn. Her al\u0131m ve sat\u0131m i\u015flemi bir iz b\u0131rak\u0131r ve bu izler bize piyasan\u0131n nabz\u0131n\u0131 tutma f\u0131rsat\u0131 verir. \u00d6zellikle bankalar gibi b\u00fcy\u00fck oyuncular, en y\u00fcksek hacimleri \u00fcretir ve bu izleri analiz ederek onlar\u0131n tetikledi\u011fi fiyat hareketlerinden faydalanabiliriz.<\/p>\n\n\n\n<p class=\"has-text-align-center\">Bu izler halka a\u00e7\u0131k verilerdir. Onlar\u0131 nas\u0131l analiz edece\u011finizi ve do\u011fru \u015fekilde yorumlayaca\u011f\u0131n\u0131z\u0131 \u00f6\u011frendi\u011finizde, yaln\u0131zca 1-2 saatlik i\u015flem s\u00fcresiyle bile sizi tatmin edecek bir kazan\u00e7 sa\u011flaman\u0131z m\u00fcmk\u00fcn hale gelir.<\/p>\n\n\n\n<p class=\"has-text-align-center has-medium-font-size\">Ba\u015far\u0131l\u0131 ticaretin anahtar\u0131, b\u00fcy\u00fck oyuncular\u0131n izlerini takip etmek ve bu verilerden do\u011fru stratejiler geli\u015ftirmektir. Hacim analizi ile finansal piyasalarda bir ad\u0131m \u00f6nde olun!<\/p>\n\n\n\n<figure class=\"wp-block-gallery has-nested-images columns-default is-cropped wp-block-gallery-7 is-layout-flex wp-block-gallery-is-layout-flex\">\n<figure class=\"wp-block-image size-large wp-duotone-unset-2\"><img loading=\"lazy\" decoding=\"async\" width=\"1024\" height=\"770\" data-id=\"321\" src=\"https:\/\/hacimanaliziegitimi.com\/wp-content\/uploads\/2025\/11\/2025-11-04_21-26-24-1024x770.png\" alt=\"\" class=\"wp-image-321\" srcset=\"https:\/\/hacimanaliziegitimi.com\/wp-content\/uploads\/2025\/11\/2025-11-04_21-26-24-1024x770.png 1024w, https:\/\/hacimanaliziegitimi.com\/wp-content\/uploads\/2025\/11\/2025-11-04_21-26-24-300x226.png 300w, https:\/\/hacimanaliziegitimi.com\/wp-content\/uploads\/2025\/11\/2025-11-04_21-26-24-768x577.png 768w, https:\/\/hacimanaliziegitimi.com\/wp-content\/uploads\/2025\/11\/2025-11-04_21-26-24.png 1418w\" sizes=\"auto, (max-width: 1024px) 100vw, 1024px\" \/><\/figure>\n\n\n\n<figure class=\"wp-block-image size-large wp-duotone-unset-3\"><img loading=\"lazy\" decoding=\"async\" width=\"1024\" height=\"843\" data-id=\"320\" src=\"https:\/\/hacimanaliziegitimi.com\/wp-content\/uploads\/2025\/11\/2025-10-23_00-02-39-1024x843.png\" alt=\"\" class=\"wp-image-320\" srcset=\"https:\/\/hacimanaliziegitimi.com\/wp-content\/uploads\/2025\/11\/2025-10-23_00-02-39-1024x843.png 1024w, https:\/\/hacimanaliziegitimi.com\/wp-content\/uploads\/2025\/11\/2025-10-23_00-02-39-300x247.png 300w, https:\/\/hacimanaliziegitimi.com\/wp-content\/uploads\/2025\/11\/2025-10-23_00-02-39-768x633.png 768w, https:\/\/hacimanaliziegitimi.com\/wp-content\/uploads\/2025\/11\/2025-10-23_00-02-39.png 1151w\" sizes=\"auto, (max-width: 1024px) 100vw, 1024px\" \/><\/figure>\n\n\n\n<figure class=\"wp-block-image size-large wp-duotone-unset-4\"><img loading=\"lazy\" decoding=\"async\" width=\"846\" height=\"1024\" data-id=\"318\" src=\"https:\/\/hacimanaliziegitimi.com\/wp-content\/uploads\/2025\/11\/2025-10-21_23-20-19-846x1024.png\" alt=\"\" class=\"wp-image-318\" srcset=\"https:\/\/hacimanaliziegitimi.com\/wp-content\/uploads\/2025\/11\/2025-10-21_23-20-19-846x1024.png 846w, https:\/\/hacimanaliziegitimi.com\/wp-content\/uploads\/2025\/11\/2025-10-21_23-20-19-248x300.png 248w, https:\/\/hacimanaliziegitimi.com\/wp-content\/uploads\/2025\/11\/2025-10-21_23-20-19-768x930.png 768w, https:\/\/hacimanaliziegitimi.com\/wp-content\/uploads\/2025\/11\/2025-10-21_23-20-19.png 962w\" sizes=\"auto, (max-width: 846px) 100vw, 846px\" \/><\/figure>\n\n\n\n<figure class=\"wp-block-image size-large wp-duotone-unset-5\"><img loading=\"lazy\" decoding=\"async\" width=\"1024\" height=\"1024\" data-id=\"322\" src=\"https:\/\/hacimanaliziegitimi.com\/wp-content\/uploads\/2025\/11\/2025-10-18_10-12-04-1024x1024.png\" alt=\"\" class=\"wp-image-322\" srcset=\"https:\/\/hacimanaliziegitimi.com\/wp-content\/uploads\/2025\/11\/2025-10-18_10-12-04-1024x1024.png 1024w, https:\/\/hacimanaliziegitimi.com\/wp-content\/uploads\/2025\/11\/2025-10-18_10-12-04-300x300.png 300w, https:\/\/hacimanaliziegitimi.com\/wp-content\/uploads\/2025\/11\/2025-10-18_10-12-04-150x150.png 150w, https:\/\/hacimanaliziegitimi.com\/wp-content\/uploads\/2025\/11\/2025-10-18_10-12-04-768x767.png 768w, https:\/\/hacimanaliziegitimi.com\/wp-content\/uploads\/2025\/11\/2025-10-18_10-12-04.png 1127w\" sizes=\"auto, (max-width: 1024px) 100vw, 1024px\" \/><\/figure>\n\n\n\n<figure class=\"wp-block-image size-large wp-duotone-unset-6\"><img loading=\"lazy\" decoding=\"async\" width=\"1004\" height=\"1024\" data-id=\"319\" src=\"https:\/\/hacimanaliziegitimi.com\/wp-content\/uploads\/2025\/11\/2025-09-23_06-18-07.png\" alt=\"\" class=\"wp-image-319\" srcset=\"https:\/\/hacimanaliziegitimi.com\/wp-content\/uploads\/2025\/11\/2025-09-23_06-18-07.png 1004w, https:\/\/hacimanaliziegitimi.com\/wp-content\/uploads\/2025\/11\/2025-09-23_06-18-07-294x300.png 294w, https:\/\/hacimanaliziegitimi.com\/wp-content\/uploads\/2025\/11\/2025-09-23_06-18-07-768x783.png 768w\" sizes=\"auto, (max-width: 1004px) 100vw, 1004px\" \/><\/figure>\n<\/figure>\n","protected":false},"excerpt":{"rendered":"<p>Hacim analizi, finansal piyasalarda her bir kat\u0131l\u0131mc\u0131n\u0131n faaliyetlerini g\u00f6r\u00fcn\u00fcr k\u0131larak bu verileri stratejik avantajlara d\u00f6n\u00fc\u015ft\u00fcrme f\u0131rsat\u0131 sunar. \u00d6zellikle b\u00fcy\u00fck yat\u0131r\u0131mc\u0131lar, piyasada dikkatle takip edilebilecek izler b\u0131rak\u0131r. Hepimizin arzusu, piyasa yap\u0131c\u0131larla ayn\u0131 y\u00f6nde hareket ederek onlar\u0131n stratejilerinden faydalanmak de\u011fil mi? Unutmay\u0131n, bu bir \u201ch\u0131zl\u0131 zengin olma\u201d y\u00f6ntemi de\u011fildir. Ancak konuyu uzun vadeli bir stratejiyle ele al\u0131rsan\u0131z, [&hellip;]<\/p>\n","protected":false},"author":1,"featured_media":0,"parent":0,"menu_order":0,"comment_status":"closed","ping_status":"open","template":"","meta":{"footnotes":""},"class_list":["post-2","page","type-page","status-publish","hentry"],"_links":{"self":[{"href":"https:\/\/hacimanaliziegitimi.com\/index.php\/wp-json\/wp\/v2\/pages\/2","targetHints":{"allow":["GET"]}}],"collection":[{"href":"https:\/\/hacimanaliziegitimi.com\/index.php\/wp-json\/wp\/v2\/pages"}],"about":[{"href":"https:\/\/hacimanaliziegitimi.com\/index.php\/wp-json\/wp\/v2\/types\/page"}],"author":[{"embeddable":true,"href":"https:\/\/hacimanaliziegitimi.com\/index.php\/wp-json\/wp\/v2\/users\/1"}],"replies":[{"embeddable":true,"href":"https:\/\/hacimanaliziegitimi.com\/index.php\/wp-json\/wp\/v2\/comments?post=2"}],"version-history":[{"count":15,"href":"https:\/\/hacimanaliziegitimi.com\/index.php\/wp-json\/wp\/v2\/pages\/2\/revisions"}],"predecessor-version":[{"id":323,"href":"https:\/\/hacimanaliziegitimi.com\/index.php\/wp-json\/wp\/v2\/pages\/2\/revisions\/323"}],"wp:attachment":[{"href":"https:\/\/hacimanaliziegitimi.com\/index.php\/wp-json\/wp\/v2\/media?parent=2"}],"curies":[{"name":"wp","href":"https:\/\/api.w.org\/{rel}","templated":true}]}}