{"id":27,"date":"2023-11-15T21:40:59","date_gmt":"2023-11-15T18:40:59","guid":{"rendered":"https:\/\/hacimanaliziegitimi.com\/index.php\/membership-join\/membership-registration\/"},"modified":"2025-05-12T17:07:01","modified_gmt":"2025-05-12T14:07:01","slug":"membership-registration","status":"publish","type":"page","link":"https:\/\/hacimanaliziegitimi.com\/index.php\/membership-join\/membership-registration\/","title":{"rendered":"Kay\u0131t"},"content":{"rendered":"<div class=\"swpm-registration-widget-form\">\n    <form id=\"swpm-registration-form\" class=\"swpm-validate-form\" name=\"swpm-registration-form\" method=\"post\" action=\"\">\n        <input type =\"hidden\" name=\"level_identifier\" value=\"a87ff679a2f3e71d9181a67b7542122c\" \/>\n        <table>\n            <tr class=\"swpm-registration-username-row\" >\n                <td><label for=\"user_name\">Kullan\u0131c\u0131 Ad\u0131<\/label><\/td>\n                <td><input type=\"text\" id=\"user_name\" class=\"validate[required,custom[noapostrophe],custom[SWPMUserName],minSize[4],ajax[ajaxUserCall]]\" value=\"\" size=\"50\" name=\"user_name\" \/><\/td>\n            <\/tr>\n            <tr class=\"swpm-registration-email-row\">\n                <td><label for=\"email\">E-Posta<\/label><\/td>\n                <td><input type=\"text\" autocomplete=\"off\" id=\"email\" class=\"validate[required,custom[email],ajax[ajaxEmailCall]]\" value=\"\" size=\"50\" name=\"email\" \/><\/td>\n            <\/tr>\n            <tr class=\"swpm-registration-password-row\">\n                <td><label for=\"password\">\u015eifre<\/label><\/td>\n                <td><input type=\"password\" autocomplete=\"off\" id=\"password\" class=\"\" value=\"\" size=\"50\" name=\"password\" \/><\/td>\n            <\/tr>\n            <tr class=\"swpm-registration-password-retype-row\">\n                <td><label for=\"password_re\">\u015eifreyi tekrar girin<\/label><\/td>\n                <td><input type=\"password\" autocomplete=\"off\" id=\"password_re\" value=\"\" size=\"50\" name=\"password_re\" \/><\/td>\n            <\/tr>\n            <tr class=\"swpm-registration-firstname-row\" >\n                <td><label for=\"first_name\">Ad\u0131n\u0131z<\/label><\/td>\n                <td><input type=\"text\" id=\"first_name\" value=\"\" size=\"50\" name=\"first_name\" \/><\/td>\n            <\/tr>\n            <tr class=\"swpm-registration-lastname-row\" >\n                <td><label for=\"last_name\">Soyad\u0131n\u0131z<\/label><\/td>\n                <td><input type=\"text\" id=\"last_name\" value=\"\" size=\"50\" name=\"last_name\" \/><\/td>\n            <\/tr>\n            <tr\n                class=\"swpm-registration-membership-level-row\"\n                                style=\"\"\n            >\n                <td><label for=\"membership_level\">\u00dcyelik D\u00fczeyi<\/label><\/td>\n                <td>\n                    Kay\u0131tl\u0131<input type=\"hidden\" value=\"4\" size=\"50\" name=\"swpm_membership_level\" id=\"membership_level\" \/><input type=\"hidden\" name=\"swpm_level_hash\" value=\"2bb35217dd7cc4927a5cafa12da9becb\" \/>                <\/td>\n            <\/tr>\n                    <\/table>\n\n        <div class=\"swpm-before-registration-submit-section\" align=\"center\"><\/div>\n\n        <div class=\"swpm-registration-submit-section\" align=\"center\">\n            <input type=\"submit\" value=\"Kay\u0131t\" class=\"swpm-registration-submit\" name=\"swpm_registration_submit\" \/>\n        <\/div>\n\n        <input type=\"hidden\" name=\"action\" value=\"custom_posts\" \/>\n\n    <\/form>\n<\/div>\n\n<h5><strong>E\u011fitim videolar\u0131n\u0131n kullan\u0131m\u0131n\u0131za a\u00e7\u0131lmas\u0131 i\u00e7in ileti\u015fim sayfas\u0131ndan \u00f6deme ile ilgili bilgi talep edebilirsiniz. E\u011fitim \u00fccreti &#8220;250 USDT&#8221; <\/strong><strong>\u00a0olarak belirlenmi\u015ftir.<\/strong><\/h5>\n\n\n<figure class=\"wp-block-gallery has-nested-images columns-default is-cropped wp-block-gallery-1 is-layout-flex wp-block-gallery-is-layout-flex\"><\/figure>\n","protected":false},"excerpt":{"rendered":"<p>E\u011fitim videolar\u0131n\u0131n kullan\u0131m\u0131n\u0131za a\u00e7\u0131lmas\u0131 i\u00e7in ileti\u015fim sayfas\u0131ndan \u00f6deme ile ilgili bilgi talep edebilirsiniz. E\u011fitim \u00fccreti &#8220;250 USDT&#8221; \u00a0olarak belirlenmi\u015ftir.<\/p>\n","protected":false},"author":1,"featured_media":0,"parent":26,"menu_order":0,"comment_status":"closed","ping_status":"closed","template":"","meta":{"footnotes":""},"class_list":["post-27","page","type-page","status-publish","hentry"],"_links":{"self":[{"href":"https:\/\/hacimanaliziegitimi.com\/index.php\/wp-json\/wp\/v2\/pages\/27","targetHints":{"allow":["GET"]}}],"collection":[{"href":"https:\/\/hacimanaliziegitimi.com\/index.php\/wp-json\/wp\/v2\/pages"}],"about":[{"href":"https:\/\/hacimanaliziegitimi.com\/index.php\/wp-json\/wp\/v2\/types\/page"}],"author":[{"embeddable":true,"href":"https:\/\/hacimanaliziegitimi.com\/index.php\/wp-json\/wp\/v2\/users\/1"}],"replies":[{"embeddable":true,"href":"https:\/\/hacimanaliziegitimi.com\/index.php\/wp-json\/wp\/v2\/comments?post=27"}],"version-history":[{"count":10,"href":"https:\/\/hacimanaliziegitimi.com\/index.php\/wp-json\/wp\/v2\/pages\/27\/revisions"}],"predecessor-version":[{"id":310,"href":"https:\/\/hacimanaliziegitimi.com\/index.php\/wp-json\/wp\/v2\/pages\/27\/revisions\/310"}],"up":[{"embeddable":true,"href":"https:\/\/hacimanaliziegitimi.com\/index.php\/wp-json\/wp\/v2\/pages\/26"}],"wp:attachment":[{"href":"https:\/\/hacimanaliziegitimi.com\/index.php\/wp-json\/wp\/v2\/media?parent=27"}],"curies":[{"name":"wp","href":"https:\/\/api.w.org\/{rel}","templated":true}]}}