{"id":70,"date":"2023-11-17T22:49:31","date_gmt":"2023-11-17T19:49:31","guid":{"rendered":"https:\/\/hacimanaliziegitimi.com\/?page_id=70"},"modified":"2025-04-27T09:06:59","modified_gmt":"2025-04-27T06:06:59","slug":"70-2","status":"publish","type":"page","link":"https:\/\/hacimanaliziegitimi.com\/index.php\/70-2\/","title":{"rendered":"E\u011fitim \u0130\u00e7eri\u011fi"},"content":{"rendered":"\n<h5 class=\"wp-block-heading has-x-large-font-size\">E\u011fitim \u0130\u00e7eri\u011fi<\/h5>\n\n\n\n<ol class=\"wp-block-list\">\n<li> Tan\u0131t\u0131m ve Grafik Kurulumlar\u0131<\/li>\n<\/ol>\n\n\n\n<ul class=\"wp-block-list\">\n<li><a href=\"https:\/\/hacimanaliziegitimi.com\/index.php\/2023\/11\/17\/74\/\">Giri\u015f<\/a><\/li>\n\n\n\n<li><a href=\"https:\/\/hacimanaliziegitimi.com\/index.php\/2023\/11\/17\/81\/\">Volfix Program\u0131n\u0131n Kurulum ve Tan\u0131t\u0131m\u0131<\/a><\/li>\n\n\n\n<li><a href=\"https:\/\/hacimanaliziegitimi.com\/index.php\/2023\/11\/17\/87\/\">Volume Profile Chart kurulum<\/a><\/li>\n\n\n\n<li><a href=\"https:\/\/hacimanaliziegitimi.com\/index.php\/2023\/11\/17\/93\/\">Range Bar Kurulumu<\/a><\/li>\n\n\n\n<li><a href=\"https:\/\/hacimanaliziegitimi.com\/index.php\/2023\/11\/17\/97\/\">Cluster Profile Grafik Kurulumu<\/a><\/li>\n\n\n\n<li><a href=\"https:\/\/hacimanaliziegitimi.com\/index.php\/2023\/11\/18\/104\/\">Box Chart Kurulumu<\/a><\/li>\n\n\n\n<li><a href=\"https:\/\/hacimanaliziegitimi.com\/index.php\/2023\/11\/18\/109\/\">Order Window Kurulum ve Kullan\u0131m\u0131<\/a><\/li>\n\n\n\n<li><a href=\"https:\/\/hacimanaliziegitimi.com\/index.php\/2023\/11\/18\/114\/\">Binance ve Bybit API Ba\u011flant\u0131s\u0131<\/a><\/li>\n\n\n\n<li><a href=\"https:\/\/hacimanaliziegitimi.com\/index.php\/2023\/11\/18\/118\/\">Volfix \u00c7izim Ara\u00e7lar\u0131 ve Chart \u0130\u00e7i \u0130\u015flevlerin Kullan\u0131m\u0131<\/a><\/li>\n\n\n\n<li><a href=\"https:\/\/hacimanaliziegitimi.com\/index.php\/2023\/11\/18\/122\/\">Volfix Risk Management Ayar\u0131<\/a><\/li>\n\n\n\n<li><a href=\"https:\/\/hacimanaliziegitimi.com\/index.php\/2023\/11\/18\/128\/\">Market \u0130zleme Ekran\u0131 Kullan\u0131m\u0131<\/a><\/li>\n\n\n\n<li><a href=\"https:\/\/hacimanaliziegitimi.com\/index.php\/2023\/11\/18\/132\/\">Pariteler Aras\u0131 Ge\u00e7i\u015f ve Grafik Kurulumlar\u0131n\u0131n Kaydedilmesi<\/a><\/li>\n\n\n\n<li><a href=\"https:\/\/hacimanaliziegitimi.com\/index.php\/2023\/11\/18\/138\/\">Tek Monit\u00f6r \u0130\u00e7in \u00d6rnek Grafik Kurulumu \u00c7al\u0131\u015fmas\u0131<\/a><\/li>\n<\/ul>\n\n\n\n<p>2. Volume Profiline \u0130li\u015fkin \u00c7al\u0131\u015fmalar<\/p>\n\n\n\n<ul class=\"wp-block-list\">\n<li><a href=\"https:\/\/hacimanaliziegitimi.com\/index.php\/2023\/11\/18\/144\/\">Volume Profili Nedir?<\/a><\/li>\n\n\n\n<li><a href=\"https:\/\/hacimanaliziegitimi.com\/index.php\/2023\/11\/18\/147\/\">Test Edilmemi\u015f Seviyeler<\/a><\/li>\n\n\n\n<li><a href=\"https:\/\/hacimanaliziegitimi.com\/index.php\/2023\/11\/18\/151\/\">Volume Profillerinde Olu\u015fan Seviyelere \u0130li\u015fkin Stratejiler<\/a><\/li>\n\n\n\n<li><a href=\"https:\/\/hacimanaliziegitimi.com\/index.php\/2023\/11\/18\/154\/\">Volume Profillerine \u0130li\u015fkin \u00d6rnek \u00c7al\u0131\u015fma<\/a><\/li>\n\n\n\n<li><a href=\"https:\/\/hacimanaliziegitimi.com\/index.php\/2023\/11\/18\/157\/\">Volume Profili \u00c7e\u015fitleri<\/a><\/li>\n\n\n\n<li><a href=\"https:\/\/hacimanaliziegitimi.com\/index.php\/2023\/11\/18\/159\/\">Saatlik Mumlarda Olu\u015fan Seviyelerin Kullan\u0131m\u0131<\/a><\/li>\n\n\n\n<li><a href=\"https:\/\/hacimanaliziegitimi.com\/index.php\/2023\/11\/18\/163\/\">Sabit Aral\u0131k Volume Profili Kullan\u0131m\u0131<\/a><\/li>\n\n\n\n<li><a href=\"https:\/\/hacimanaliziegitimi.com\/index.php\/2023\/11\/18\/166\/\">Volume Profili Grafi\u011finde Delta Kullan\u0131m\u0131 \u00d6rnek \u00c7al\u0131\u015fma<\/a><\/li>\n\n\n\n<li><a href=\"https:\/\/hacimanaliziegitimi.com\/index.php\/2023\/11\/18\/169\/\">Altcoinlerde Seviye Belirleme<\/a><\/li>\n\n\n\n<li><a href=\"https:\/\/hacimanaliziegitimi.com\/index.php\/2023\/11\/18\/172\/\">Volume Profillerinde Test Edilmemi\u015f Seviyelere \u0130li\u015fkin Backtest<\/a><\/li>\n<\/ul>\n\n\n\n<p>3. Footprint Chart<\/p>\n\n\n\n<ul class=\"wp-block-list\">\n<li><a href=\"https:\/\/hacimanaliziegitimi.com\/index.php\/2023\/11\/18\/175\/\">Range Bar Nedir?<\/a><\/li>\n\n\n\n<li><a href=\"https:\/\/hacimanaliziegitimi.com\/index.php\/2023\/11\/18\/178\/\">Footprint Chart Yap\u0131s\u0131<\/a><\/li>\n\n\n\n<li><a href=\"https:\/\/hacimanaliziegitimi.com\/index.php\/2023\/11\/18\/181\/\">Large Print ve Single Print Olu\u015fumlar\u0131<\/a><\/li>\n\n\n\n<li><a href=\"https:\/\/hacimanaliziegitimi.com\/index.php\/2023\/11\/18\/184\/\">\u0130mbalance (Dengesizlik) nedir?<\/a><\/li>\n\n\n\n<li><a href=\"https:\/\/hacimanaliziegitimi.com\/index.php\/2023\/11\/18\/188\/\">Large Print ve Single Print Backtest \u00c7al\u0131\u015fmas\u0131<\/a><\/li>\n\n\n\n<li><a href=\"https:\/\/hacimanaliziegitimi.com\/index.php\/2023\/11\/18\/191\/\">Tuza\u011fa D\u00fc\u015fen Al\u0131c\u0131 ve Sat\u0131c\u0131lar (Iceberg yap\u0131lar)<\/a><\/li>\n\n\n\n<li><a href=\"https:\/\/hacimanaliziegitimi.com\/index.php\/2023\/11\/18\/194\/\">Tuza\u011fa D\u00fc\u015fen Al\u0131c\u0131 ve Sat\u0131c\u0131lar Backtest \u00c7al\u0131\u015fmas\u0131<\/a><\/li>\n\n\n\n<li><a href=\"https:\/\/hacimanaliziegitimi.com\/index.php\/2023\/11\/18\/197\/\">0-1 ve \u00c7ift S\u0131f\u0131r Bask\u0131 Nedir? Backtest \u00c7al\u0131\u015fmas\u0131<\/a><\/li>\n\n\n\n<li><a href=\"https:\/\/hacimanaliziegitimi.com\/index.php\/2023\/11\/18\/200\/\">Delta Uyumsuzlu\u011fu Nedir?<\/a><\/li>\n\n\n\n<li><a href=\"https:\/\/hacimanaliziegitimi.com\/index.php\/2023\/11\/18\/203\/\">Tuza\u011fa D\u00fc\u015fen T\u00fcccarlar Hakk\u0131nda<\/a><\/li>\n\n\n\n<li><a href=\"https:\/\/hacimanaliziegitimi.com\/index.php\/2023\/11\/18\/206\/\">Blue Moment<\/a><\/li>\n\n\n\n<li><a href=\"https:\/\/hacimanaliziegitimi.com\/index.php\/2023\/11\/18\/209\/\">Uygun Range Bar Ayarlar\u0131na Nas\u0131l Ula\u015f\u0131r\u0131z<\/a><\/li>\n<\/ul>\n\n\n\n<p>4. Di\u011fer Grafikler ve Yard\u0131mc\u0131 Ara\u00e7lar<\/p>\n\n\n\n<ul class=\"wp-block-list\">\n<li><a href=\"https:\/\/hacimanaliziegitimi.com\/index.php\/2023\/11\/18\/212\/\">Bitcoin 5 Dk. Mumlar\u0131n Kullan\u0131m\u0131 ve Backtest \u00c7al\u0131\u015fmas\u0131<\/a><\/li>\n\n\n\n<li><a href=\"https:\/\/hacimanaliziegitimi.com\/index.php\/2023\/11\/18\/215\/\">Box Chart \u00d6rnek \u00c7al\u0131\u015fma<\/a><\/li>\n\n\n\n<li><a href=\"https:\/\/hacimanaliziegitimi.com\/index.php\/2023\/11\/18\/218\/\">VWAP Nedir? Kullan\u0131m\u0131na \u0130li\u015fkin \u00d6rnekler<\/a><\/li>\n\n\n\n<li><a href=\"https:\/\/hacimanaliziegitimi.com\/index.php\/2023\/11\/18\/221\/\">Bookmap Multichart Nedir?<\/a><\/li>\n\n\n\n<li><a href=\"https:\/\/hacimanaliziegitimi.com\/index.php\/2023\/11\/18\/225\/\">Time And Sales &#8211; Tick Bar Chart<\/a><\/li>\n\n\n\n<li><a href=\"https:\/\/hacimanaliziegitimi.com\/index.php\/2023\/11\/18\/228\/\">Big Trade<\/a><\/li>\n<\/ul>\n\n\n\n<p>5. Futures Piyasalar<\/p>\n\n\n\n<ul class=\"wp-block-list\">\n<li><a href=\"https:\/\/hacimanaliziegitimi.com\/index.php\/2023\/11\/18\/232\/\">Futures Piyasalarda Sermaye Bulma<\/a><\/li>\n\n\n\n<li><a href=\"https:\/\/hacimanaliziegitimi.com\/index.php\/2023\/11\/18\/236\/\">Sermaye Sa\u011flayan \u015eirketler Hangileri?<\/a><\/li>\n\n\n\n<li><a href=\"https:\/\/hacimanaliziegitimi.com\/index.php\/2023\/11\/18\/239\/\">Hangi Paketi Sat\u0131n Almal\u0131y\u0131z?<\/a><\/li>\n\n\n\n<li><a href=\"https:\/\/hacimanaliziegitimi.com\/index.php\/2023\/11\/18\/243\/\">Al\u0131\u015ft\u0131rma ve Yeterlilik Oturumunda \u0130stenilen Ko\u015fullar<\/a><\/li>\n\n\n\n<li><a href=\"https:\/\/hacimanaliziegitimi.com\/index.php\/2023\/11\/18\/246\/\">Ko\u015fullar\u0131n Detaylar\u0131<\/a><\/li>\n\n\n\n<li><a href=\"https:\/\/hacimanaliziegitimi.com\/index.php\/2023\/11\/18\/249\/\">ES \u0130\u00e7in Uygulanacak Strateji ve \u00d6rnek Uygulamalar<\/a><\/li>\n<\/ul>\n\n\n\n<p>6. \u00d6rnek \u00c7al\u0131\u015fmalar<\/p>\n\n\n\n<ul class=\"wp-block-list\">\n<li><a href=\"https:\/\/hacimanaliziegitimi.com\/index.php\/2023\/11\/18\/252\/\">29.12.2021 tarihli BTC de\u011ferlendirmesi (\u00d6rnek \u00e7al\u0131\u015fma)<\/a><\/li>\n\n\n\n<li><a href=\"https:\/\/hacimanaliziegitimi.com\/index.php\/2023\/11\/18\/255\/\">19.03.2022 tarihli BTC de\u011ferlendirmesi (\u00d6rnek \u00e7al\u0131\u015fma)<\/a><\/li>\n<\/ul>\n\n\n\n<p><\/p>\n\n\n\n<p><\/p>\n\n\n\n<p><\/p>\n\n\n\n<p><\/p>\n\n\n\n<p><a href=\"https:\/\/hacimanaliziegitimi.com\/index.php\/2025\/04\/27\/kullanici-sozlesmesi\/\" data-type=\"link\" data-id=\"https:\/\/hacimanaliziegitimi.com\/index.php\/2025\/04\/27\/kullanici-sozlesmesi\/\">Kullan\u0131c\u0131 S\u00f6zle\u015fmesi<\/a><\/p>\n","protected":false},"excerpt":{"rendered":"<p>E\u011fitim \u0130\u00e7eri\u011fi 2. Volume Profiline \u0130li\u015fkin \u00c7al\u0131\u015fmalar 3. Footprint Chart 4. Di\u011fer Grafikler ve Yard\u0131mc\u0131 Ara\u00e7lar 5. Futures Piyasalar 6. \u00d6rnek \u00c7al\u0131\u015fmalar Kullan\u0131c\u0131 S\u00f6zle\u015fmesi<\/p>\n","protected":false},"author":1,"featured_media":0,"parent":0,"menu_order":0,"comment_status":"closed","ping_status":"closed","template":"","meta":{"footnotes":""},"class_list":["post-70","page","type-page","status-publish","hentry"],"_links":{"self":[{"href":"https:\/\/hacimanaliziegitimi.com\/index.php\/wp-json\/wp\/v2\/pages\/70","targetHints":{"allow":["GET"]}}],"collection":[{"href":"https:\/\/hacimanaliziegitimi.com\/index.php\/wp-json\/wp\/v2\/pages"}],"about":[{"href":"https:\/\/hacimanaliziegitimi.com\/index.php\/wp-json\/wp\/v2\/types\/page"}],"author":[{"embeddable":true,"href":"https:\/\/hacimanaliziegitimi.com\/index.php\/wp-json\/wp\/v2\/users\/1"}],"replies":[{"embeddable":true,"href":"https:\/\/hacimanaliziegitimi.com\/index.php\/wp-json\/wp\/v2\/comments?post=70"}],"version-history":[{"count":20,"href":"https:\/\/hacimanaliziegitimi.com\/index.php\/wp-json\/wp\/v2\/pages\/70\/revisions"}],"predecessor-version":[{"id":296,"href":"https:\/\/hacimanaliziegitimi.com\/index.php\/wp-json\/wp\/v2\/pages\/70\/revisions\/296"}],"wp:attachment":[{"href":"https:\/\/hacimanaliziegitimi.com\/index.php\/wp-json\/wp\/v2\/media?parent=70"}],"curies":[{"name":"wp","href":"https:\/\/api.w.org\/{rel}","templated":true}]}}